{"id":704,"date":"2025-06-19T19:30:33","date_gmt":"2025-06-19T17:30:33","guid":{"rendered":"https:\/\/rayondevie.org\/?page_id=704"},"modified":"2025-07-09T12:04:17","modified_gmt":"2025-07-09T10:04:17","slug":"entreprises","status":"publish","type":"page","link":"https:\/\/rayondevie.org\/index.php\/entreprises\/","title":{"rendered":"Entreprises"},"content":{"rendered":"\n<h2 class=\"wp-block-heading\">Entreprises<\/h2>\n\n\n\n<div class=\"wp-block-uagb-container uagb-block-ea3a18d5 alignfull uagb-is-root-container\">\n<div class=\"wp-block-uagb-container uagb-block-702bd169\">\n<div class=\"wp-block-uagb-container uagb-block-3cc9f9b8 alignfull uagb-is-root-container\">\n<div class=\"wp-block-uagb-container uagb-block-b532e36e\"><\/div>\n\n\n\n<div class=\"wp-block-uagb-container uagb-block-4cbc4146\"><\/div>\n<\/div>\n\n\n\n<div class=\"wp-block-uagb-container uagb-block-2872b223\">\n<p><strong>Rayon de Vie<\/strong>&nbsp;accompagne les&nbsp;<strong>d\u00e9cideurs d\u2019entreprise, implant\u00e9s en France<\/strong>,&nbsp;\u00e0&nbsp;nouer des partenariats align\u00e9s avec leurs valeurs, avec des associations de terrain. Afin de :&nbsp;<\/p>\n<\/div>\n\n\n\n<ul class=\"wp-block-list\">\n<li><strong>R\u00e9pondre<\/strong>&nbsp;\u00e0 leurs enjeux \u00e9conomiques, RSE, fiscaux et territoriaux<\/li>\n\n\n\n<li><strong>Traduire leurs engagements soci\u00e9taux<\/strong>&nbsp;en&nbsp;<strong>actions concr\u00e8tes et mesurables<\/strong>,<\/li>\n\n\n\n<li><strong>Renforcer le sens de leurs actions aupr\u00e8s de leurs salari\u00e9s<\/strong><\/li>\n<\/ul>\n\n\n\n<div style=\"height:5px\" aria-hidden=\"true\" class=\"wp-block-spacer\"><\/div>\n\n\n\n<div class=\"wp-block-group faq-oany\"><div class=\"wp-block-group__inner-container is-layout-constrained wp-block-group-is-layout-constrained\"><div class=\"wp-block-uagb-faq uagb-faq__outer-wrap uagb-block-6b38bea8 uagb-faq-icon-row-reverse uagb-faq-layout-accordion uagb-faq-expand-first-false uagb-faq-inactive-other-true uagb-faq__wrap uagb-buttons-layout-wrap uagb-faq-equal-height     \" data-faqtoggle=\"true\" role=\"tablist\"><div class=\"wp-block-uagb-faq-child uagb-faq-child__outer-wrap uagb-faq-item uagb-block-7afa24a8 \" role=\"tab\" tabindex=\"0\"><div class=\"uagb-faq-questions-button uagb-faq-questions\">\t\t\t<span class=\"uagb-icon uagb-faq-icon-wrap\">\n\t\t\t\t\t\t\t\t<svg xmlns=\"https:\/\/www.w3.org\/2000\/svg\" viewBox= \"0 0 448 512\"><path d=\"M432 256c0 17.69-14.33 32.01-32 32.01H256v144c0 17.69-14.33 31.99-32 31.99s-32-14.3-32-31.99v-144H48c-17.67 0-32-14.32-32-32.01s14.33-31.99 32-31.99H192v-144c0-17.69 14.33-32.01 32-32.01s32 14.32 32 32.01v144h144C417.7 224 432 238.3 432 256z\"><\/path><\/svg>\n\t\t\t\t\t\t\t<\/span>\n\t\t\t\t\t\t<span class=\"uagb-icon-active uagb-faq-icon-wrap\">\n\t\t\t\t\t\t\t\t<svg xmlns=\"https:\/\/www.w3.org\/2000\/svg\" viewBox= \"0 0 448 512\"><path d=\"M400 288h-352c-17.69 0-32-14.32-32-32.01s14.31-31.99 32-31.99h352c17.69 0 32 14.3 32 31.99S417.7 288 400 288z\"><\/path><\/svg>\n\t\t\t\t\t\t\t<\/span>\n\t\t\t<p class=\"uagb-question\">Cas concret<strong> <\/strong>: <strong>OANY<\/strong> x <strong>Rayon de Vie<\/strong> x <strong>Association \u00e9ducative gometz le chatel<\/strong><\/p><\/div><div class=\"uagb-faq-content\"><p>OANY a collabor\u00e9 avec Rayon de Vie pour soutenir l\u2019association \u00e9ducative gometz le chatel, \u00e0 travers un accompagnement structur\u00e9 et impactant :<br><br>&gt; <strong>Mise \u00e0 disposition d\u2019une ressource d\u00e9di\u00e9e<\/strong> : un collaborateur OANY a \u00e9t\u00e9 mobilis\u00e9 sur le terrain, en appui op\u00e9rationnel et strat\u00e9gique \u00e0 l\u2019\u00e9quipe de l&rsquo;association \u00e9ducative gometz le chatel.<br>&gt; <strong>M\u00e9c\u00e9nat d\u00e9fiscalis\u00e9<\/strong> : un don a \u00e9t\u00e9 r\u00e9alis\u00e9 permettant \u00e0 OANY de b\u00e9n\u00e9ficier d\u2019un avantage fiscal, tout en contribuant \u00e0 une cause cibl\u00e9e et v\u00e9rifiable.<br><br><strong>R\u00e9sultat :<\/strong> un impact mesurable sur le fonctionnement de l&rsquo;association \u00e9ducative gometz le chatel et une valorisation concr\u00e8te de l\u2019engagement d\u2019OANY aupr\u00e8s de ses collaborateurs et partenaires.<\/p><\/div><\/div><\/div><\/div><\/div>\n<\/div>\n\n\n\n<div class=\"wp-block-uagb-container uagb-block-5a3bbc47\">\n<h2 class=\"wp-block-heading has-text-align-center\" style=\"font-size:25px\">Pour aller plus loin<\/h2>\n\n\n\n<div style=\"height:16px\" aria-hidden=\"true\" class=\"wp-block-spacer\"><\/div>\n\n\n\n\n\n<div style=\"height:16px\" aria-hidden=\"true\" class=\"wp-block-spacer uag-hide-tab uag-hide-mob\"><\/div>\n\n\n\n\n\n<div style=\"height:16px\" aria-hidden=\"true\" class=\"wp-block-spacer uag-hide-tab uag-hide-mob\"><\/div>\n\n\n\n\n\n<div style=\"height:16px\" aria-hidden=\"true\" class=\"wp-block-spacer uag-hide-tab uag-hide-mob\"><\/div>\n\n\n\n\n\n<div style=\"height:16px\" aria-hidden=\"true\" class=\"wp-block-spacer uag-hide-tab uag-hide-mob\"><\/div>\n\n\n<\/div>\n<\/div>\n","protected":false},"excerpt":{"rendered":"<p>Entreprises Rayon de Vie&nbsp;accompagne les&nbsp;d\u00e9cideurs d\u2019entreprise, implant\u00e9s en France,&nbsp;\u00e0&nbsp;nouer des partenariats align\u00e9s avec leurs valeurs, avec des associations de terrain. Afin de :&nbsp; Pour aller plus loin<\/p>\n","protected":false},"author":3,"featured_media":0,"parent":0,"menu_order":0,"comment_status":"closed","ping_status":"closed","template":"","meta":{"saved_in_kubio":false,"_uag_custom_page_level_css":"","footnotes":""},"class_list":["post-704","page","type-page","status-publish","hentry"],"kubio_ai_page_context":{"short_desc":"","purpose":"general"},"uagb_featured_image_src":{"full":false,"thumbnail":false,"medium":false,"medium_large":false,"large":false,"1536x1536":false,"2048x2048":false,"kubio-fullhd":false},"uagb_author_info":{"display_name":"Emma Vincent","author_link":"https:\/\/rayondevie.org\/index.php\/author\/emma\/"},"uagb_comment_info":0,"uagb_excerpt":"Entreprises Rayon de Vie&nbsp;accompagne les&nbsp;d\u00e9cideurs d\u2019entreprise, implant\u00e9s en France,&nbsp;\u00e0&nbsp;nouer des partenariats align\u00e9s avec leurs valeurs, avec des associations de terrain. Afin de :&nbsp; Pour aller plus loin","_links":{"self":[{"href":"https:\/\/rayondevie.org\/index.php\/wp-json\/wp\/v2\/pages\/704","targetHints":{"allow":["GET"]}}],"collection":[{"href":"https:\/\/rayondevie.org\/index.php\/wp-json\/wp\/v2\/pages"}],"about":[{"href":"https:\/\/rayondevie.org\/index.php\/wp-json\/wp\/v2\/types\/page"}],"author":[{"embeddable":true,"href":"https:\/\/rayondevie.org\/index.php\/wp-json\/wp\/v2\/users\/3"}],"replies":[{"embeddable":true,"href":"https:\/\/rayondevie.org\/index.php\/wp-json\/wp\/v2\/comments?post=704"}],"version-history":[{"count":47,"href":"https:\/\/rayondevie.org\/index.php\/wp-json\/wp\/v2\/pages\/704\/revisions"}],"predecessor-version":[{"id":1818,"href":"https:\/\/rayondevie.org\/index.php\/wp-json\/wp\/v2\/pages\/704\/revisions\/1818"}],"wp:attachment":[{"href":"https:\/\/rayondevie.org\/index.php\/wp-json\/wp\/v2\/media?parent=704"}],"curies":[{"name":"wp","href":"https:\/\/api.w.org\/{rel}","templated":true}]}}