{"id":698,"date":"2025-06-19T19:20:17","date_gmt":"2025-06-19T17:20:17","guid":{"rendered":"https:\/\/rayondevie.org\/?page_id=698"},"modified":"2025-07-09T11:51:25","modified_gmt":"2025-07-09T09:51:25","slug":"associations","status":"publish","type":"page","link":"https:\/\/rayondevie.org\/index.php\/associations\/","title":{"rendered":"Associations"},"content":{"rendered":"\n<h2 class=\"wp-block-heading\">Associations*<\/h2>\n\n\n\n<div class=\"wp-block-uagb-container uagb-block-ea3a18d5 alignfull uagb-is-root-container\">\n<div class=\"wp-block-uagb-container uagb-block-702bd169\">\n<div class=\"wp-block-uagb-container uagb-block-3cc9f9b8 alignfull uagb-is-root-container\">\n<div class=\"wp-block-uagb-container uagb-block-b532e36e\"><\/div>\n\n\n\n<div class=\"wp-block-uagb-container uagb-block-4cbc4146\"><\/div>\n<\/div>\n\n\n\n<p><strong>Rayon de Vie<\/strong>&nbsp;<strong>aide<\/strong>&nbsp;les associations&nbsp;<strong>\u00e0 se structurer et \u00e0 se d\u00e9velopper,&nbsp;<\/strong>en <strong>cr\u00e9ant des partenariats sur mesure&nbsp;<\/strong>avec des entreprises ou d\u2019autres associations.&nbsp;<\/p>\n\n\n\n<div class=\"wp-block-uagb-container uagb-block-1ccad78c\">\n<h2 class=\"wp-block-heading\" style=\"font-size:1.2em\">Les objectifs :<\/h2>\n<\/div>\n\n\n\n<ul class=\"wp-block-list\">\n<li>leur permettre de&nbsp;<strong>se concentrer<\/strong>&nbsp;<strong>sur leur mission aupr\u00e8s des b\u00e9n\u00e9ficiaires<\/strong>,<\/li>\n\n\n\n<li>les <strong>aider \u00e0 grandir<\/strong>,<\/li>\n\n\n\n<li>les accompagner afin de <strong>mieux agir sur le terrain<\/strong>.<\/li>\n<\/ul>\n\n\n\n<div style=\"height:27px\" aria-hidden=\"true\" class=\"wp-block-spacer\"><\/div>\n\n\n<div class=\"wp-block-uagb-faq uagb-faq__outer-wrap uagb-block-6b38bea8 uagb-faq-icon-row-reverse uagb-faq-layout-accordion uagb-faq-expand-first-false uagb-faq-inactive-other-true uagb-faq__wrap uagb-buttons-layout-wrap uagb-faq-equal-height     \" data-faqtoggle=\"true\" role=\"tablist\"><div class=\"wp-block-uagb-faq-child uagb-faq-child__outer-wrap uagb-faq-item uagb-block-7afa24a8 \" role=\"tab\" tabindex=\"0\"><div class=\"uagb-faq-questions-button uagb-faq-questions\">\t\t\t<span class=\"uagb-icon uagb-faq-icon-wrap\">\n\t\t\t\t\t\t\t\t<svg xmlns=\"https:\/\/www.w3.org\/2000\/svg\" viewBox= \"0 0 448 512\"><path d=\"M432 256c0 17.69-14.33 32.01-32 32.01H256v144c0 17.69-14.33 31.99-32 31.99s-32-14.3-32-31.99v-144H48c-17.67 0-32-14.32-32-32.01s14.33-31.99 32-31.99H192v-144c0-17.69 14.33-32.01 32-32.01s32 14.32 32 32.01v144h144C417.7 224 432 238.3 432 256z\"><\/path><\/svg>\n\t\t\t\t\t\t\t<\/span>\n\t\t\t\t\t\t<span class=\"uagb-icon-active uagb-faq-icon-wrap\">\n\t\t\t\t\t\t\t\t<svg xmlns=\"https:\/\/www.w3.org\/2000\/svg\" viewBox= \"0 0 448 512\"><path d=\"M400 288h-352c-17.69 0-32-14.32-32-32.01s14.31-31.99 32-31.99h352c17.69 0 32 14.3 32 31.99S417.7 288 400 288z\"><\/path><\/svg>\n\t\t\t\t\t\t\t<\/span>\n\t\t\t<p class=\"uagb-question\"><strong>Comme l&rsquo;association \u00e9ducative gometz le chatel<\/strong>, rendez visibles les besoins de votre association.<br>&gt; Chaque besoin m\u00e9rite une r\u00e9ponse\u00a0<\/p><\/div><div class=\"uagb-faq-content\"><p>Depuis septembre 2024, Rayon de Vie accompagne l\u2019association \u00e9ducative gometz le chatel sur plusieurs volets :<br><br><strong>A. Outil informatique<\/strong> en\u00a0<strong>partenariat avec la soci\u00e9t\u00e9 de Conseil OANY<\/strong><br>&gt; R\u00e9alisation d\u2019un audit de l\u2019outil actuel et accompagnement \u00e0 son \u00e9volution<br>&gt; Interface avec l\u2019Acad\u00e9mie de Versailles<br><br><strong>R\u00e9sultats :<\/strong>\u00a0<br>&gt; meilleure ma\u00eetrise de l\u2019outil actuel<br>&gt; feuille de route pour un changement d\u2019outil<br>&gt; reconduction de l\u2019adh\u00e9sion \u00e0 une solution collaborative adapt\u00e9e.<br><br><strong>B. Support administratif et r\u00e9glementaire<\/strong> en solution d&rsquo;<strong>accompagnement Rayon de vie<\/strong><br>&gt; Accompagnement sur les sujets administratifs en lien avec les cadres r\u00e9glementaires et les exigences acad\u00e9miques.<br><br><strong>C. D\u00e9veloppement de partenariats financiers<\/strong><br>&gt; Structuration d\u2019une strat\u00e9gie de recherche de fonds, depuis le mois de juin 2025<br><br><strong>Objectif en cours :<\/strong> Renforcer les capacit\u00e9s financi\u00e8res de l\u2019association.<\/p><\/div><\/div><\/div><\/div>\n\n\n\n<div class=\"wp-block-uagb-container uagb-block-5a3bbc47\">\n<h2 class=\"wp-block-heading has-text-align-center\" style=\"font-size:25px\">Pour aller plus loin<\/h2>\n\n\n\n<div style=\"height:5px\" aria-hidden=\"true\" class=\"wp-block-spacer\"><\/div>\n\n\n\n\n\n<div style=\"height:16px\" aria-hidden=\"true\" class=\"wp-block-spacer uag-hide-tab uag-hide-mob\"><\/div>\n\n\n\n\n\n<div style=\"height:16px\" aria-hidden=\"true\" class=\"wp-block-spacer uag-hide-tab uag-hide-mob\"><\/div>\n\n\n\n\n\n<div style=\"height:16px\" aria-hidden=\"true\" class=\"wp-block-spacer uag-hide-tab uag-hide-mob\"><\/div>\n\n\n\n\n\n<div style=\"height:16px\" aria-hidden=\"true\" class=\"wp-block-spacer uag-hide-tab uag-hide-mob\"><\/div>\n\n\n<\/div>\n<\/div>\n\n\n\n<div style=\"height:10px\" aria-hidden=\"true\" class=\"wp-block-spacer uag-hide-desktop\"><\/div>\n\n\n\n<p><em>* associations et structures \u00e0 but non lucratif<\/em><\/p>\n","protected":false},"excerpt":{"rendered":"<p>Associations* Rayon de Vie&nbsp;aide&nbsp;les associations&nbsp;\u00e0 se structurer et \u00e0 se d\u00e9velopper,&nbsp;en cr\u00e9ant des partenariats sur mesure&nbsp;avec des entreprises ou d\u2019autres associations.&nbsp; Les objectifs : Pour aller plus loin * associations et structures \u00e0 but non lucratif<\/p>\n","protected":false},"author":3,"featured_media":0,"parent":0,"menu_order":0,"comment_status":"closed","ping_status":"closed","template":"","meta":{"saved_in_kubio":true,"_uag_custom_page_level_css":"","footnotes":""},"class_list":["post-698","page","type-page","status-publish","hentry"],"kubio_ai_page_context":{"short_desc":"","purpose":"general"},"uagb_featured_image_src":{"full":false,"thumbnail":false,"medium":false,"medium_large":false,"large":false,"1536x1536":false,"2048x2048":false,"kubio-fullhd":false},"uagb_author_info":{"display_name":"Emma Vincent","author_link":"https:\/\/rayondevie.org\/index.php\/author\/emma\/"},"uagb_comment_info":0,"uagb_excerpt":"Associations* Rayon de Vie&nbsp;aide&nbsp;les associations&nbsp;\u00e0 se structurer et \u00e0 se d\u00e9velopper,&nbsp;en cr\u00e9ant des partenariats sur mesure&nbsp;avec des entreprises ou d\u2019autres associations.&nbsp; Les objectifs : Pour aller plus loin * associations et structures \u00e0 but non lucratif","_links":{"self":[{"href":"https:\/\/rayondevie.org\/index.php\/wp-json\/wp\/v2\/pages\/698","targetHints":{"allow":["GET"]}}],"collection":[{"href":"https:\/\/rayondevie.org\/index.php\/wp-json\/wp\/v2\/pages"}],"about":[{"href":"https:\/\/rayondevie.org\/index.php\/wp-json\/wp\/v2\/types\/page"}],"author":[{"embeddable":true,"href":"https:\/\/rayondevie.org\/index.php\/wp-json\/wp\/v2\/users\/3"}],"replies":[{"embeddable":true,"href":"https:\/\/rayondevie.org\/index.php\/wp-json\/wp\/v2\/comments?post=698"}],"version-history":[{"count":138,"href":"https:\/\/rayondevie.org\/index.php\/wp-json\/wp\/v2\/pages\/698\/revisions"}],"predecessor-version":[{"id":1803,"href":"https:\/\/rayondevie.org\/index.php\/wp-json\/wp\/v2\/pages\/698\/revisions\/1803"}],"wp:attachment":[{"href":"https:\/\/rayondevie.org\/index.php\/wp-json\/wp\/v2\/media?parent=698"}],"curies":[{"name":"wp","href":"https:\/\/api.w.org\/{rel}","templated":true}]}}