{"id":635,"date":"2025-06-16T20:21:24","date_gmt":"2025-06-16T18:21:24","guid":{"rendered":"https:\/\/rayondevie.org\/?page_id=635"},"modified":"2025-06-28T11:56:51","modified_gmt":"2025-06-28T09:56:51","slug":"notre-parcours","status":"publish","type":"page","link":"https:\/\/rayondevie.org\/index.php\/notre-parcours\/","title":{"rendered":"Notre parcours"},"content":{"rendered":"\n<div class=\"wp-block-uagb-advanced-heading uagb-block-b447c7f8\"><h2 class=\"uagb-heading-text\">Notre parcours<\/h2><p class=\"uagb-desc-text\">D\u2019une id\u00e9e \u00e0 un mouvement : les grandes \u00e9tapes de notre parcours.<\/p><\/div>\n\n\n\n<div class=\"wp-block-uagb-container uagb-block-5ed23499 alignfull uagb-is-root-container\">\t\t\t<div class = \"\n\t\t\twp-block-uagb-post-timeline uagb-timeline__outer-wrap uagb-block-8deb9a9f    uagb-timeline__arrow-center uagb-timeline__center-block uagb_timeline__cta-enable uagb-timeline uagb-timeline__content-wrap\t\t\tuagb-timeline__arrow-center uagb-timeline__center-block uagb_timeline__cta-enable uagb-timeline uagb-timeline__content-wrap\t\t\t\"\n\t\t\tstyle=\"\" >\n\t\t\t\t\t\t\t\t\t\t\t<article class = \"uagb-timeline__field  uagb-timeline__right\">\n\t\t\t\t\t\t\t\t<div class = \"uagb-timeline__marker uagb-timeline__out-view-icon\" >\n\t\t\t\t<span class = \"uagb-timeline__icon-new uagb-timeline__out-view-icon\" >\t\t\t\t<svg xmlns=\"https:\/\/www.w3.org\/2000\/svg\" viewBox= \"0 0 512 512\"><path d=\"M480 179.6C498.6 188.4 512 212.1 512 240C512 267.9 498.6 291.6 480 300.4V448C480 460.9 472.2 472.6 460.2 477.6C448.3 482.5 434.5 479.8 425.4 470.6L381.7 426.1C333.7 378.1 268.6 352 200.7 352H192V480C192 497.7 177.7 512 160 512H96C78.33 512 64 497.7 64 480V352C28.65 352 0 323.3 0 288V192C0 156.7 28.65 128 64 128H200.7C268.6 128 333.7 101 381.7 53.02L425.4 9.373C434.5 .2215 448.3-2.516 460.2 2.437C472.2 7.39 480 19.06 480 32V179.6zM200.7 192H192V288H200.7C280.5 288 357.2 317.8 416 371.3V108.7C357.2 162.2 280.5 192 200.7 192V192z\"><\/path><\/svg>\n\t\t\t\t<\/span>\n\t\t\t<\/div>\n\t\t\t\t\t\t\t\t<div class = \"uagb-timeline__day-new uagb-timeline__day-right uagb-timeline__events-inner-new\" >\n\t\t\t\t\t\t<div class=\"uagb-timeline__events-inner--content\">\n\t\t\t\t\t\t\t\t\t\t\t<div datetime=\"2025-06-21T12:31:03+02:00\" class=\"uagb-timeline__date-hide uagb-timeline__inner-date-new\">\n\t\t\t\t\t\t\t<\/div>\n\t\t\t\t\t\t\t\t\t\t\t\t\t\t\t\t\t\t\t\t\t\t\t\t\t\t<h2 class=\"uagb-timeline__heading\" >\n\t\t\t\t\t<a href=\"https:\/\/rayondevie.org\/index.php\/2025\/06\/21\/2019-naissance-de-lassociation-rayon-de-vie\/\" target=\"_self\" rel=\"noopener noreferrer\">2019 | Naissance de l\u2019association Rayon de Vie<\/a>\n\t\t\t\t<\/h2>\n\t\t\t\t\t\t\t\t\t\t<div class=\"uagb-timeline-desc-content\">\n\t\t\t\t<p>L\u2019association Rayon de Vie a \u00e9t\u00e9 fond\u00e9e le 28 janvier 2019, avec une mission claire : venir en aide aux populations d\u00e9favoris\u00e9es, partout o\u00f9 un besoin se fait sentir. Mais notre vision de la pr\u00e9carit\u00e9&#8230;\t\t\t<\/div>\n\t\t\t\t\t\t<div class=\"uagb-timeline__link_parent wp-block-button\">\n\t\t\t\t<a class=\"uagb-timeline__link wp-block-button__link\" style=\"\" href=\"https:\/\/rayondevie.org\/index.php\/2025\/06\/21\/2019-naissance-de-lassociation-rayon-de-vie\/\" target=\"_self\" rel=\" noopener noreferrer\">En savoir plus<\/a>\n\t\t\t<\/div>\n\t\t\t\t\t\t\t\t\t\t\t<div class = \"uagb-timeline__arrow\"><\/div>\n\t\t\t\t\t\t<\/div>\n\t\t\t\t\t<\/div>\n\t\t\t\t\t\t\t\t\t\t\t\t\t\t<div datetime=\"2025-06-21T12:31:03+02:00\" class=\"uagb-timeline__date-new\">\n\t\t\t\t\t\t\t<\/div>\n\t\t\t\t\t\t\t\t\t\t\t<\/article>\n\t\t\t\t\t\t<article class = \"uagb-timeline__field  uagb-timeline__left\">\n\t\t\t\t\t\t\t\t<div class = \"uagb-timeline__marker uagb-timeline__out-view-icon\" >\n\t\t\t\t<span class = \"uagb-timeline__icon-new uagb-timeline__out-view-icon\" >\t\t\t\t<svg xmlns=\"https:\/\/www.w3.org\/2000\/svg\" viewBox= \"0 0 512 512\"><path d=\"M480 179.6C498.6 188.4 512 212.1 512 240C512 267.9 498.6 291.6 480 300.4V448C480 460.9 472.2 472.6 460.2 477.6C448.3 482.5 434.5 479.8 425.4 470.6L381.7 426.1C333.7 378.1 268.6 352 200.7 352H192V480C192 497.7 177.7 512 160 512H96C78.33 512 64 497.7 64 480V352C28.65 352 0 323.3 0 288V192C0 156.7 28.65 128 64 128H200.7C268.6 128 333.7 101 381.7 53.02L425.4 9.373C434.5 .2215 448.3-2.516 460.2 2.437C472.2 7.39 480 19.06 480 32V179.6zM200.7 192H192V288H200.7C280.5 288 357.2 317.8 416 371.3V108.7C357.2 162.2 280.5 192 200.7 192V192z\"><\/path><\/svg>\n\t\t\t\t<\/span>\n\t\t\t<\/div>\n\t\t\t\t\t\t\t\t<div class = \"uagb-timeline__day-new uagb-timeline__day-left uagb-timeline__events-inner-new\" >\n\t\t\t\t\t\t<div class=\"uagb-timeline__events-inner--content\">\n\t\t\t\t\t\t\t\t\t\t\t<div datetime=\"2025-06-21T15:43:50+02:00\" class=\"uagb-timeline__date-hide uagb-timeline__inner-date-new\">\n\t\t\t\t\t\t\t<\/div>\n\t\t\t\t\t\t\t\t\t\t\t\t\t\t\t\t\t\t\t\t\t\t\t\t\t\t<h2 class=\"uagb-timeline__heading\" >\n\t\t\t\t\t<a href=\"https:\/\/rayondevie.org\/index.php\/2025\/06\/21\/2019-2023-premieres-actions-humanitaires\/\" target=\"_self\" rel=\"noopener noreferrer\">2019\u20132023 | Premi\u00e8res actions humanitaires<\/a>\n\t\t\t\t<\/h2>\n\t\t\t\t\t\t\t\t\t\t<div class=\"uagb-timeline-desc-content\">\n\t\t\t\t<p>D\u00e8s ses d\u00e9buts, Rayon de Vie s&rsquo;engage sur le terrain \u00e0 travers des actions de solidarit\u00e9 concr\u00e8tes : Collecte de biens pour les orphelinats en Afrique Partenariat actif avec le Centre des Afflig\u00e9s de P\u00e9niel&#8230;\t\t\t<\/div>\n\t\t\t\t\t\t<div class=\"uagb-timeline__link_parent wp-block-button\">\n\t\t\t\t<a class=\"uagb-timeline__link wp-block-button__link\" style=\"\" href=\"https:\/\/rayondevie.org\/index.php\/2025\/06\/21\/2019-2023-premieres-actions-humanitaires\/\" target=\"_self\" rel=\" noopener noreferrer\">En savoir plus<\/a>\n\t\t\t<\/div>\n\t\t\t\t\t\t\t\t\t\t\t<div class = \"uagb-timeline__arrow\"><\/div>\n\t\t\t\t\t\t<\/div>\n\t\t\t\t\t<\/div>\n\t\t\t\t\t\t\t\t\t\t\t\t\t\t<div datetime=\"2025-06-21T15:43:50+02:00\" class=\"uagb-timeline__date-new\">\n\t\t\t\t\t\t\t<\/div>\n\t\t\t\t\t\t\t\t\t\t\t<\/article>\n\t\t\t\t\t\t<article class = \"uagb-timeline__field  uagb-timeline__right\">\n\t\t\t\t\t\t\t\t<div class = \"uagb-timeline__marker uagb-timeline__out-view-icon\" >\n\t\t\t\t<span class = \"uagb-timeline__icon-new uagb-timeline__out-view-icon\" >\t\t\t\t<svg xmlns=\"https:\/\/www.w3.org\/2000\/svg\" viewBox= \"0 0 512 512\"><path d=\"M480 179.6C498.6 188.4 512 212.1 512 240C512 267.9 498.6 291.6 480 300.4V448C480 460.9 472.2 472.6 460.2 477.6C448.3 482.5 434.5 479.8 425.4 470.6L381.7 426.1C333.7 378.1 268.6 352 200.7 352H192V480C192 497.7 177.7 512 160 512H96C78.33 512 64 497.7 64 480V352C28.65 352 0 323.3 0 288V192C0 156.7 28.65 128 64 128H200.7C268.6 128 333.7 101 381.7 53.02L425.4 9.373C434.5 .2215 448.3-2.516 460.2 2.437C472.2 7.39 480 19.06 480 32V179.6zM200.7 192H192V288H200.7C280.5 288 357.2 317.8 416 371.3V108.7C357.2 162.2 280.5 192 200.7 192V192z\"><\/path><\/svg>\n\t\t\t\t<\/span>\n\t\t\t<\/div>\n\t\t\t\t\t\t\t\t<div class = \"uagb-timeline__day-new uagb-timeline__day-right uagb-timeline__events-inner-new\" >\n\t\t\t\t\t\t<div class=\"uagb-timeline__events-inner--content\">\n\t\t\t\t\t\t\t\t\t\t\t<div datetime=\"2025-06-21T16:11:50+02:00\" class=\"uagb-timeline__date-hide uagb-timeline__inner-date-new\">\n\t\t\t\t\t\t\t<\/div>\n\t\t\t\t\t\t\t\t\t\t\t\t\t\t\t\t\t\t\t\t\t\t\t\t\t\t<h2 class=\"uagb-timeline__heading\" >\n\t\t\t\t\t<a href=\"https:\/\/rayondevie.org\/index.php\/2025\/06\/21\/2024-transformation-strategique\/\" target=\"_self\" rel=\"noopener noreferrer\">2024 | Transformation strat\u00e9gique<\/a>\n\t\t\t\t<\/h2>\n\t\t\t\t\t\t\t\t\t\t<div class=\"uagb-timeline-desc-content\">\n\t\t\t\t<p>En 2024, Rayon de Vie amorce une \u00e9volution majeure de son positionnement : De l\u2019aide humanitaire directe vers le soutien structurel aux associations de terrain. \u00c0 partir d\u2019un constat simple mais r\u00e9current : De nombreuses&#8230;\t\t\t<\/div>\n\t\t\t\t\t\t<div class=\"uagb-timeline__link_parent wp-block-button\">\n\t\t\t\t<a class=\"uagb-timeline__link wp-block-button__link\" style=\"\" href=\"https:\/\/rayondevie.org\/index.php\/2025\/06\/21\/2024-transformation-strategique\/\" target=\"_self\" rel=\" noopener noreferrer\">En savoir plus<\/a>\n\t\t\t<\/div>\n\t\t\t\t\t\t\t\t\t\t\t<div class = \"uagb-timeline__arrow\"><\/div>\n\t\t\t\t\t\t<\/div>\n\t\t\t\t\t<\/div>\n\t\t\t\t\t\t\t\t\t\t\t\t\t\t<div datetime=\"2025-06-21T16:11:50+02:00\" class=\"uagb-timeline__date-new\">\n\t\t\t\t\t\t\t<\/div>\n\t\t\t\t\t\t\t\t\t\t\t<\/article>\n\t\t\t\t\t\t<article class = \"uagb-timeline__field  uagb-timeline__left\">\n\t\t\t\t\t\t\t\t<div class = \"uagb-timeline__marker uagb-timeline__out-view-icon\" >\n\t\t\t\t<span class = \"uagb-timeline__icon-new uagb-timeline__out-view-icon\" >\t\t\t\t<svg xmlns=\"https:\/\/www.w3.org\/2000\/svg\" viewBox= \"0 0 512 512\"><path d=\"M480 179.6C498.6 188.4 512 212.1 512 240C512 267.9 498.6 291.6 480 300.4V448C480 460.9 472.2 472.6 460.2 477.6C448.3 482.5 434.5 479.8 425.4 470.6L381.7 426.1C333.7 378.1 268.6 352 200.7 352H192V480C192 497.7 177.7 512 160 512H96C78.33 512 64 497.7 64 480V352C28.65 352 0 323.3 0 288V192C0 156.7 28.65 128 64 128H200.7C268.6 128 333.7 101 381.7 53.02L425.4 9.373C434.5 .2215 448.3-2.516 460.2 2.437C472.2 7.39 480 19.06 480 32V179.6zM200.7 192H192V288H200.7C280.5 288 357.2 317.8 416 371.3V108.7C357.2 162.2 280.5 192 200.7 192V192z\"><\/path><\/svg>\n\t\t\t\t<\/span>\n\t\t\t<\/div>\n\t\t\t\t\t\t\t\t<div class = \"uagb-timeline__day-new uagb-timeline__day-left uagb-timeline__events-inner-new\" >\n\t\t\t\t\t\t<div class=\"uagb-timeline__events-inner--content\">\n\t\t\t\t\t\t\t\t\t\t\t<div datetime=\"2025-06-21T16:12:25+02:00\" class=\"uagb-timeline__date-hide uagb-timeline__inner-date-new\">\n\t\t\t\t\t\t\t<\/div>\n\t\t\t\t\t\t\t\t\t\t\t\t\t\t\t\t\t\t\t\t\t\t\t\t\t\t<h2 class=\"uagb-timeline__heading\" >\n\t\t\t\t\t<a href=\"https:\/\/rayondevie.org\/index.php\/2025\/06\/21\/aout-2024-juin-2025-partenariats-structurants\/\" target=\"_self\" rel=\"noopener noreferrer\">Ao\u00fbt 2024\u2013Juin 2025 | Partenariats structurants<\/a>\n\t\t\t\t<\/h2>\n\t\t\t\t\t\t\t\t\t\t<div class=\"uagb-timeline-desc-content\">\n\t\t\t\t<p>Partenariats structurants entre entreprises et associations, sur des projets porteurs de sens pour les deux parties. Premier accompagnement complet&nbsp;de Rayon de Vie dans le cadre de sa nouvelle orientation strat\u00e9gique. Cet appui illustre concr\u00e8tement notre&#8230;\t\t\t<\/div>\n\t\t\t\t\t\t<div class=\"uagb-timeline__link_parent wp-block-button\">\n\t\t\t\t<a class=\"uagb-timeline__link wp-block-button__link\" style=\"\" href=\"https:\/\/rayondevie.org\/index.php\/2025\/06\/21\/aout-2024-juin-2025-partenariats-structurants\/\" target=\"_self\" rel=\" noopener noreferrer\">En savoir plus<\/a>\n\t\t\t<\/div>\n\t\t\t\t\t\t\t\t\t\t\t<div class = \"uagb-timeline__arrow\"><\/div>\n\t\t\t\t\t\t<\/div>\n\t\t\t\t\t<\/div>\n\t\t\t\t\t\t\t\t\t\t\t\t\t\t<div datetime=\"2025-06-21T16:12:25+02:00\" class=\"uagb-timeline__date-new\">\n\t\t\t\t\t\t\t<\/div>\n\t\t\t\t\t\t\t\t\t\t\t<\/article>\n\t\t\t\t\t\t<article class = \"uagb-timeline__field  uagb-timeline__right\">\n\t\t\t\t\t\t\t\t<div class = \"uagb-timeline__marker uagb-timeline__out-view-icon\" >\n\t\t\t\t<span class = \"uagb-timeline__icon-new uagb-timeline__out-view-icon\" >\t\t\t\t<svg xmlns=\"https:\/\/www.w3.org\/2000\/svg\" viewBox= \"0 0 512 512\"><path d=\"M480 179.6C498.6 188.4 512 212.1 512 240C512 267.9 498.6 291.6 480 300.4V448C480 460.9 472.2 472.6 460.2 477.6C448.3 482.5 434.5 479.8 425.4 470.6L381.7 426.1C333.7 378.1 268.6 352 200.7 352H192V480C192 497.7 177.7 512 160 512H96C78.33 512 64 497.7 64 480V352C28.65 352 0 323.3 0 288V192C0 156.7 28.65 128 64 128H200.7C268.6 128 333.7 101 381.7 53.02L425.4 9.373C434.5 .2215 448.3-2.516 460.2 2.437C472.2 7.39 480 19.06 480 32V179.6zM200.7 192H192V288H200.7C280.5 288 357.2 317.8 416 371.3V108.7C357.2 162.2 280.5 192 200.7 192V192z\"><\/path><\/svg>\n\t\t\t\t<\/span>\n\t\t\t<\/div>\n\t\t\t\t\t\t\t\t<div class = \"uagb-timeline__day-new uagb-timeline__day-right uagb-timeline__events-inner-new\" >\n\t\t\t\t\t\t<div class=\"uagb-timeline__events-inner--content\">\n\t\t\t\t\t\t\t\t\t\t\t<div datetime=\"2025-06-25T21:38:07+02:00\" class=\"uagb-timeline__date-hide uagb-timeline__inner-date-new\">\n\t\t\t\t\t\t\t<\/div>\n\t\t\t\t\t\t\t\t\t\t\t\t\t\t\t\t\t\t\t\t\t\t\t\t\t\t<h2 class=\"uagb-timeline__heading\" >\n\t\t\t\t\t<a href=\"https:\/\/rayondevie.org\/index.php\/2025\/06\/25\/a-decouvrir-prochainement\/\" target=\"_self\" rel=\"noopener noreferrer\">\u00c0 d\u00e9couvrir prochainement&#8230;<\/a>\n\t\t\t\t<\/h2>\n\t\t\t\t\t\t\t\t\t\t<div class=\"uagb-timeline-desc-content\">\n\t\t\t\tL\u2019aventure ne s\u2019arr\u00eate pas l\u00e0, plein de belles choses vous attendent\t\t\t<\/div>\n\t\t\t\t\t\t<div class=\"uagb-timeline__link_parent wp-block-button\">\n\t\t\t\t<a class=\"uagb-timeline__link wp-block-button__link\" style=\"\" href=\"https:\/\/rayondevie.org\/index.php\/2025\/06\/25\/a-decouvrir-prochainement\/\" target=\"_self\" rel=\" noopener noreferrer\">En savoir plus<\/a>\n\t\t\t<\/div>\n\t\t\t\t\t\t\t\t\t\t\t<div class = \"uagb-timeline__arrow\"><\/div>\n\t\t\t\t\t\t<\/div>\n\t\t\t\t\t<\/div>\n\t\t\t\t\t\t\t\t\t\t\t\t\t\t<div datetime=\"2025-06-25T21:38:07+02:00\" class=\"uagb-timeline__date-new\">\n\t\t\t\t\t\t\t<\/div>\n\t\t\t\t\t\t\t\t\t\t\t<\/article>\n\t\t\t\t\t\t\t\t\t\t<div class = \"uagb-timeline__line\" >\n\t\t\t\t\t<div class = \"uagb-timeline__line__inner\"><\/div>\n\t\t\t\t<\/div>\n\t\t\t<\/div>\n\t\t\t<\/div>\n","protected":false},"excerpt":{"rendered":"<p>Notre parcours D\u2019une id\u00e9e \u00e0 un mouvement : les grandes \u00e9tapes de notre parcours.<\/p>\n","protected":false},"author":3,"featured_media":0,"parent":0,"menu_order":0,"comment_status":"closed","ping_status":"closed","template":"","meta":{"saved_in_kubio":true,"_uag_custom_page_level_css":"","footnotes":""},"class_list":["post-635","page","type-page","status-publish","hentry"],"kubio_ai_page_context":{"short_desc":"","purpose":"general"},"uagb_featured_image_src":{"full":false,"thumbnail":false,"medium":false,"medium_large":false,"large":false,"1536x1536":false,"2048x2048":false,"kubio-fullhd":false},"uagb_author_info":{"display_name":"Emma Vincent","author_link":"https:\/\/rayondevie.org\/index.php\/author\/emma\/"},"uagb_comment_info":0,"uagb_excerpt":"Notre parcours D\u2019une id\u00e9e \u00e0 un mouvement : les grandes \u00e9tapes de notre parcours.","_links":{"self":[{"href":"https:\/\/rayondevie.org\/index.php\/wp-json\/wp\/v2\/pages\/635","targetHints":{"allow":["GET"]}}],"collection":[{"href":"https:\/\/rayondevie.org\/index.php\/wp-json\/wp\/v2\/pages"}],"about":[{"href":"https:\/\/rayondevie.org\/index.php\/wp-json\/wp\/v2\/types\/page"}],"author":[{"embeddable":true,"href":"https:\/\/rayondevie.org\/index.php\/wp-json\/wp\/v2\/users\/3"}],"replies":[{"embeddable":true,"href":"https:\/\/rayondevie.org\/index.php\/wp-json\/wp\/v2\/comments?post=635"}],"version-history":[{"count":21,"href":"https:\/\/rayondevie.org\/index.php\/wp-json\/wp\/v2\/pages\/635\/revisions"}],"predecessor-version":[{"id":1483,"href":"https:\/\/rayondevie.org\/index.php\/wp-json\/wp\/v2\/pages\/635\/revisions\/1483"}],"wp:attachment":[{"href":"https:\/\/rayondevie.org\/index.php\/wp-json\/wp\/v2\/media?parent=635"}],"curies":[{"name":"wp","href":"https:\/\/api.w.org\/{rel}","templated":true}]}}