{"id":388,"date":"2025-06-03T10:51:20","date_gmt":"2025-06-03T08:51:20","guid":{"rendered":"https:\/\/rayondevie.org\/?page_id=388"},"modified":"2025-07-09T12:02:35","modified_gmt":"2025-07-09T10:02:35","slug":"etat-des-lieux-associatif","status":"publish","type":"page","link":"https:\/\/rayondevie.org\/index.php\/associations\/etat-des-lieux-associatif\/","title":{"rendered":"\u00c9tat des lieux associatif"},"content":{"rendered":"\n<h2 class=\"wp-block-heading\">\u00c9tat des lieux associatif<\/h2>\n\n\n\n<div class=\"wp-block-uagb-container uagb-block-ea3a18d5 alignfull uagb-is-root-container\">\n<div class=\"wp-block-uagb-container uagb-block-702bd169\">\n<h2 class=\"wp-block-heading\" style=\"font-size:1.4em\"><strong>Construire ensemble, \u00e7a commence par vous.<\/strong><\/h2>\n\n\n\n<p>Rayon de Vie engage une nouvelle phase de travail avec les associations partenaires, pour mieux comprendre leurs r\u00e9alit\u00e9s, leurs besoins et leurs projets.<\/p>\n\n\n\n<ul class=\"wp-block-list\">\n<li>Ce questionnaire vise \u00e0 dresser un&nbsp;<strong>\u00e9tat des lieux confidentiel<\/strong>, essentiel pour pr\u00e9parer un accompagnement sur mesure d\u00e8s la rentr\u00e9e.<\/li>\n\n\n\n<li><strong>Chaque association a un acc\u00e8s s\u00e9curis\u00e9 par mot de passe.<\/strong><\/li>\n<\/ul>\n\n\n\n<p>Merci de bien cliquer sur le&nbsp;<strong>nom de votre association<\/strong>&nbsp;ci-dessous, puis de <strong>renseigner le mot de passe transmis<\/strong>&nbsp;par nos soins.<\/p>\n\n\n\n<div class=\"wp-block-uagb-container uagb-block-d4aa9ef0 alignfull uagb-is-root-container\">\n<div class=\"wp-block-uagb-container uagb-block-3f16a0ba\"><\/div>\n\n\n\n<div class=\"wp-block-uagb-container uagb-block-c374b1a6\"><\/div>\n\n\n\n<div class=\"wp-block-uagb-container uagb-block-ea68701b\"><\/div>\n<\/div>\n\n\n\n<div class=\"wp-block-uagb-container uagb-block-a3aae014 alignfull uagb-is-root-container\">\n<div class=\"wp-block-uagb-container uagb-block-29c4901e\"><\/div>\n\n\n\n<div class=\"wp-block-uagb-container uagb-block-17479855\"><\/div>\n\n\n\n<div class=\"wp-block-uagb-container uagb-block-3a066635\"><\/div>\n<\/div>\n<\/div>\n\n\n\n<div class=\"wp-block-uagb-container uagb-block-5a3bbc47\">\n<h2 class=\"wp-block-heading has-text-align-center\" style=\"font-size:25px\">Pour aller plus loin<\/h2>\n\n\n\n<div style=\"height:5px\" aria-hidden=\"true\" class=\"wp-block-spacer\"><\/div>\n\n\n\n\n\n<div style=\"height:16px\" aria-hidden=\"true\" class=\"wp-block-spacer uag-hide-tab uag-hide-mob\"><\/div>\n\n\n\n\n\n<div style=\"height:16px\" aria-hidden=\"true\" class=\"wp-block-spacer uag-hide-tab uag-hide-mob\"><\/div>\n\n\n\n\n\n<div style=\"height:16px\" aria-hidden=\"true\" class=\"wp-block-spacer uag-hide-tab uag-hide-mob\"><\/div>\n\n\n\n\n\n<div style=\"height:16px\" aria-hidden=\"true\" class=\"wp-block-spacer uag-hide-tab uag-hide-mob\"><\/div>\n\n\n<\/div>\n<\/div>\n","protected":false},"excerpt":{"rendered":"<p>\u00c9tat des lieux associatif Construire ensemble, \u00e7a commence par vous. Rayon de Vie engage une nouvelle phase de travail avec les associations partenaires, pour mieux comprendre leurs r\u00e9alit\u00e9s, leurs besoins et leurs projets. Merci de bien cliquer sur le&nbsp;nom de votre association&nbsp;ci-dessous, puis de renseigner le mot de passe transmis&nbsp;par nos soins. Pour aller plus [&hellip;]<\/p>\n","protected":false},"author":3,"featured_media":0,"parent":698,"menu_order":0,"comment_status":"closed","ping_status":"closed","template":"","meta":{"saved_in_kubio":false,"_uag_custom_page_level_css":"","footnotes":""},"class_list":["post-388","page","type-page","status-publish","hentry"],"kubio_ai_page_context":{"short_desc":"","purpose":"general"},"uagb_featured_image_src":{"full":false,"thumbnail":false,"medium":false,"medium_large":false,"large":false,"1536x1536":false,"2048x2048":false,"kubio-fullhd":false},"uagb_author_info":{"display_name":"Emma Vincent","author_link":"https:\/\/rayondevie.org\/index.php\/author\/emma\/"},"uagb_comment_info":0,"uagb_excerpt":"\u00c9tat des lieux associatif Construire ensemble, \u00e7a commence par vous. Rayon de Vie engage une nouvelle phase de travail avec les associations partenaires, pour mieux comprendre leurs r\u00e9alit\u00e9s, leurs besoins et leurs projets. Merci de bien cliquer sur le&nbsp;nom de votre association&nbsp;ci-dessous, puis de renseigner le mot de passe transmis&nbsp;par nos soins. Pour aller plus\u2026","_links":{"self":[{"href":"https:\/\/rayondevie.org\/index.php\/wp-json\/wp\/v2\/pages\/388","targetHints":{"allow":["GET"]}}],"collection":[{"href":"https:\/\/rayondevie.org\/index.php\/wp-json\/wp\/v2\/pages"}],"about":[{"href":"https:\/\/rayondevie.org\/index.php\/wp-json\/wp\/v2\/types\/page"}],"author":[{"embeddable":true,"href":"https:\/\/rayondevie.org\/index.php\/wp-json\/wp\/v2\/users\/3"}],"replies":[{"embeddable":true,"href":"https:\/\/rayondevie.org\/index.php\/wp-json\/wp\/v2\/comments?post=388"}],"version-history":[{"count":54,"href":"https:\/\/rayondevie.org\/index.php\/wp-json\/wp\/v2\/pages\/388\/revisions"}],"predecessor-version":[{"id":1817,"href":"https:\/\/rayondevie.org\/index.php\/wp-json\/wp\/v2\/pages\/388\/revisions\/1817"}],"up":[{"embeddable":true,"href":"https:\/\/rayondevie.org\/index.php\/wp-json\/wp\/v2\/pages\/698"}],"wp:attachment":[{"href":"https:\/\/rayondevie.org\/index.php\/wp-json\/wp\/v2\/media?parent=388"}],"curies":[{"name":"wp","href":"https:\/\/api.w.org\/{rel}","templated":true}]}}