{"id":315,"date":"2025-06-01T10:32:59","date_gmt":"2025-06-01T08:32:59","guid":{"rendered":"https:\/\/rayondevie.org\/?page_id=315"},"modified":"2025-06-21T17:01:34","modified_gmt":"2025-06-21T15:01:34","slug":"mentions-legales","status":"publish","type":"page","link":"https:\/\/rayondevie.org\/index.php\/mentions-legales\/","title":{"rendered":"Mentions l\u00e9gales"},"content":{"rendered":"\n<p>Conform\u00e9ment \u00e0 la loi n\u00b02004-575 du 21 juin 2004 pour la confiance dans l&rsquo;\u00e9conomie num\u00e9rique, il est pr\u00e9cis\u00e9 aux utilisateurs du site&nbsp;<a class=\"\" href=\"https:\/\/rayondevie.org\/\">https:\/\/rayondevie.org<\/a>&nbsp;l&rsquo;identit\u00e9 des diff\u00e9rents intervenants dans le cadre de sa r\u00e9alisation et de son suivi.<\/p>\n\n\n\n<h2 class=\"wp-block-heading\">\u00c9diteur du site<\/h2>\n\n\n\n<p><strong>Association Rayon de Vie<\/strong>, une association loi 1901 d\u00e9clar\u00e9e \u00e0 Antony (n\u00b0 W911005614).<br>Adresse : 116 Avenue du Pr\u00e9sident John Fitzgerald Kennedy, 92160 Antony<br>Email :&nbsp;contact@rayondevie.org<\/p>\n\n\n\n<p>SIREN : 923 704 472 \u2013 SIRET : 923 704 472 00011<br>Activit\u00e9 principale : Action sociale sans h\u00e9bergement (code NAF 88.99B)<br>Entreprise Sociale et Solidaire (ESS)<\/p>\n\n\n\n<p>Responsable de la publication : Gaelle Mbiaffie<\/p>\n\n\n\n<h2 class=\"wp-block-heading\">H\u00e9bergeur<\/h2>\n\n\n\n<p>Le site est h\u00e9berg\u00e9 par :<\/p>\n\n\n\n<p><strong>OVH SAS<br><\/strong>2 Rue Kellermann, 59100 Roubaix, France<br>T\u00e9l\u00e9phone : +33 9 72 10 10 07<\/p>\n\n\n\n\n\n<h2 class=\"wp-block-heading\">Conception du site<\/h2>\n\n\n\n<p>Le site a \u00e9t\u00e9 con\u00e7u b\u00e9n\u00e9volement avec WordPress.<br>Design, int\u00e9gration et gestion technique : r\u00e9alis\u00e9 par l\u2019\u00e9quipe de l&rsquo;association \u00ab\u00a0Rayon de Vie\u00a0\u00bb<\/p>\n\n\n\n<h2 class=\"wp-block-heading\">Propri\u00e9t\u00e9 intellectuelle<\/h2>\n\n\n\n<p>L\u2019ensemble du contenu du site (textes, images, vid\u00e9os, graphismes, logos, ic\u00f4nes\u2026) est la propri\u00e9t\u00e9 exclusive de l\u2019association Rayon de Vie, sauf mention contraire.<\/p>\n\n\n\n<p>Toute reproduction, repr\u00e9sentation, modification, publication, adaptation, totale ou partielle, des \u00e9l\u00e9ments du site, par quelque proc\u00e9d\u00e9 que ce soit, est strictement interdite sans autorisation \u00e9crite pr\u00e9alable de l\u2019association.<\/p>\n\n\n\n<h2 class=\"wp-block-heading\">Liens externes<\/h2>\n\n\n\n<p>Le site peut contenir des liens vers des sites tiers. L\u2019association Rayon de Vie ne saurait \u00eatre tenue responsable du contenu, des donn\u00e9es, ou du fonctionnement de ces sites.<\/p>\n\n\n\n<h2 class=\"wp-block-heading\">Protection des donn\u00e9es personnelles<\/h2>\n\n\n\n<p>Les informations personnelles collect\u00e9es via ce site sont trait\u00e9es conform\u00e9ment \u00e0 notre&nbsp;Politique de confidentialit\u00e9.<\/p>\n\n\n\n<p>Conform\u00e9ment au R\u00e8glement G\u00e9n\u00e9ral sur la Protection des Donn\u00e9es (RGPD), vous disposez d\u2019un droit d\u2019acc\u00e8s, de rectification et de suppression de vos donn\u00e9es personnelles.<\/p>\n\n\n\n<p>Pour exercer ces droits, contactez-nous \u00e0 :&nbsp;contact@rayondevie.org.<\/p>\n\n\n\n<h2 class=\"wp-block-heading\">Accessibilit\u00e9<\/h2>\n\n\n\n<p>Le site est \u00e9quip\u00e9 d\u2019un outil d\u2019accessibilit\u00e9 (OneTap Accessibility) visant \u00e0 am\u00e9liorer la navigation pour tous les publics. Pour en savoir plus, consultez notre&nbsp;page Accessibilit\u00e9.<\/p>\n\n\n\n<h2 class=\"wp-block-heading\">Cookies<\/h2>\n\n\n\n<p>Ce site utilise Complianz pour la gestion des cookies. Pour plus d\u2019informations, ou pour modifier vos pr\u00e9f\u00e9rences, consultez notre&nbsp;Politique relative aux cookies.<\/p>\n\n\n\n<h2 class=\"wp-block-heading\">Droit applicable<\/h2>\n\n\n\n<p>Tout litige en relation avec l\u2019utilisation du site&nbsp;<a class=\"\" href=\"https:\/\/rayondevie.org\/\">https:\/\/rayondevie.org<\/a>&nbsp;est soumis au droit fran\u00e7ais.<\/p>\n\n\n","protected":false},"excerpt":{"rendered":"<p>Conform\u00e9ment \u00e0 la loi n\u00b02004-575 du 21 juin 2004 pour la confiance dans l&rsquo;\u00e9conomie num\u00e9rique, il est pr\u00e9cis\u00e9 aux utilisateurs du site&nbsp;https:\/\/rayondevie.org&nbsp;l&rsquo;identit\u00e9 des diff\u00e9rents intervenants dans le cadre de sa r\u00e9alisation et de son suivi. \u00c9diteur du site Association Rayon de Vie, une association loi 1901 d\u00e9clar\u00e9e \u00e0 Antony (n\u00b0 W911005614).Adresse : 116 Avenue du [&hellip;]<\/p>\n","protected":false},"author":1,"featured_media":0,"parent":0,"menu_order":0,"comment_status":"closed","ping_status":"closed","template":"","meta":{"saved_in_kubio":false,"_uag_custom_page_level_css":"","footnotes":""},"class_list":["post-315","page","type-page","status-publish","hentry"],"kubio_ai_page_context":{"short_desc":"","purpose":"general"},"uagb_featured_image_src":{"full":false,"thumbnail":false,"medium":false,"medium_large":false,"large":false,"1536x1536":false,"2048x2048":false,"kubio-fullhd":false},"uagb_author_info":{"display_name":"admin2635","author_link":"https:\/\/rayondevie.org\/index.php\/author\/admin2635\/"},"uagb_comment_info":0,"uagb_excerpt":"Conform\u00e9ment \u00e0 la loi n\u00b02004-575 du 21 juin 2004 pour la confiance dans l&rsquo;\u00e9conomie num\u00e9rique, il est pr\u00e9cis\u00e9 aux utilisateurs du site&nbsp;https:\/\/rayondevie.org&nbsp;l&rsquo;identit\u00e9 des diff\u00e9rents intervenants dans le cadre de sa r\u00e9alisation et de son suivi. \u00c9diteur du site Association Rayon de Vie, une association loi 1901 d\u00e9clar\u00e9e \u00e0 Antony (n\u00b0 W911005614).Adresse : 116 Avenue du\u2026","_links":{"self":[{"href":"https:\/\/rayondevie.org\/index.php\/wp-json\/wp\/v2\/pages\/315","targetHints":{"allow":["GET"]}}],"collection":[{"href":"https:\/\/rayondevie.org\/index.php\/wp-json\/wp\/v2\/pages"}],"about":[{"href":"https:\/\/rayondevie.org\/index.php\/wp-json\/wp\/v2\/types\/page"}],"author":[{"embeddable":true,"href":"https:\/\/rayondevie.org\/index.php\/wp-json\/wp\/v2\/users\/1"}],"replies":[{"embeddable":true,"href":"https:\/\/rayondevie.org\/index.php\/wp-json\/wp\/v2\/comments?post=315"}],"version-history":[{"count":24,"href":"https:\/\/rayondevie.org\/index.php\/wp-json\/wp\/v2\/pages\/315\/revisions"}],"predecessor-version":[{"id":862,"href":"https:\/\/rayondevie.org\/index.php\/wp-json\/wp\/v2\/pages\/315\/revisions\/862"}],"wp:attachment":[{"href":"https:\/\/rayondevie.org\/index.php\/wp-json\/wp\/v2\/media?parent=315"}],"curies":[{"name":"wp","href":"https:\/\/api.w.org\/{rel}","templated":true}]}}